{"id":2,"date":"2017-12-27T09:56:39","date_gmt":"2017-12-27T09:56:39","guid":{"rendered":"http:\/\/weberfytechnologies.com\/it\/?page_id=2"},"modified":"2018-10-05T09:24:10","modified_gmt":"2018-10-05T09:24:10","slug":"hem","status":"publish","type":"page","link":"https:\/\/weberfytechnologies.com\/it\/","title":{"rendered":"Weberfy \u2013 Il tuo partner digitale"},"content":{"rendered":"<p><strong>Siamo una societ\u00e0 digitale che sviluppa le attivit\u00e0 online dei propri clienti a li aiuta prendere le giuste decisioni.<\/strong><\/p>\n<p>Noi di Weberfy lavoriamo in modo completamente virtuale tramite laptop e telefono cellulare, siamo sempre connessi e attraverso un ambiente di lavoro libero, creiamo pi\u00f9 produttivit\u00e0 e creativit\u00e0.<br \/>\nSiamo un dream team di esperti con molti anni di esperienza nel web e nel marketing digitale ed abbiamo deciso di iniziare nel 2017 ad offrire i nostri servizi anche a selezionate aziende italiane.<\/p>\n<p><strong>Il nostro Modo di lavorare: pi\u00f9 intelligente<\/strong><\/p>\n<p>Nel corso degli anni, abbiamo sviluppato sistemi intelligenti e convenienti ottenendo un metodo di lavoro unico nel suo genere, questo \u00e8 possibile anche grazie alle numerose opportunit\u00e0 che un mondo sempre pi\u00f9 digitale ci offre.<\/p>\n<p><strong>Qualcosa in pi\u00f9\u2026<\/strong><\/p>\n<p>L&#8217;alto livello di servizio \u00e8 una delle basi pi\u00f9 importanti nella nostra attivit\u00e0 e siamo assolutamente certi che questa sia la scelta giusta. Per noi le scadenze sono sacre e cerchiamo sempre di dare al nostro cliente qualcosa che possa distinguerci dalla concorrenza.<\/p>\n<p><strong>Un webpartner onesto<\/strong><\/p>\n<p>L&#8217;etica e l&#8217;onest\u00e0 sono le fondamenta della nostra attivit\u00e0 e siamo sicuri che anche i nostri clienti faranno lo stesso con noi.<\/p>\n<p><strong>Termini pi\u00f9 chiari\u00a0<\/strong><\/p>\n<p>La nostra idea di business non vincola il cliente a contratti difficili e lunghi, sarai sempre il proprietario di tutte le produzioni e i servizi che ti offriamo.<\/p>\n<p>Siamo l\u2019agenzia con le condizioni giuste per te.<br \/>\nContattaci oggi e parlaci della tua attivit\u00e0, idea o progetto\u2026<\/p>\n","protected":false},"excerpt":{"rendered":"<p>Siamo una societ\u00e0 digitale che sviluppa le attivit\u00e0 online dei propri clienti a li aiuta prendere le giuste decisioni. Noi di Weberfy lavoriamo in modo completamente virtuale tramite laptop e telefono cellulare, siamo sempre connessi e attraverso un ambiente di lavoro libero, creiamo pi\u00f9 produttivit\u00e0 e creativit\u00e0. Siamo un dream team di esperti con molti [&hellip;]<\/p>\n","protected":false},"author":1,"featured_media":0,"parent":0,"menu_order":0,"comment_status":"closed","ping_status":"open","template":"home-page.php","meta":{"footnotes":""},"class_list":["post-2","page","type-page","status-publish","hentry"],"_links":{"self":[{"href":"https:\/\/weberfytechnologies.com\/it\/wp-json\/wp\/v2\/pages\/2","targetHints":{"allow":["GET"]}}],"collection":[{"href":"https:\/\/weberfytechnologies.com\/it\/wp-json\/wp\/v2\/pages"}],"about":[{"href":"https:\/\/weberfytechnologies.com\/it\/wp-json\/wp\/v2\/types\/page"}],"author":[{"embeddable":true,"href":"https:\/\/weberfytechnologies.com\/it\/wp-json\/wp\/v2\/users\/1"}],"replies":[{"embeddable":true,"href":"https:\/\/weberfytechnologies.com\/it\/wp-json\/wp\/v2\/comments?post=2"}],"version-history":[{"count":4,"href":"https:\/\/weberfytechnologies.com\/it\/wp-json\/wp\/v2\/pages\/2\/revisions"}],"predecessor-version":[{"id":24,"href":"https:\/\/weberfytechnologies.com\/it\/wp-json\/wp\/v2\/pages\/2\/revisions\/24"}],"wp:attachment":[{"href":"https:\/\/weberfytechnologies.com\/it\/wp-json\/wp\/v2\/media?parent=2"}],"curies":[{"name":"wp","href":"https:\/\/api.w.org\/{rel}","templated":true}]}}